{"id":30,"date":"2026-03-17T15:34:01","date_gmt":"2026-03-17T15:34:01","guid":{"rendered":"https:\/\/hurtmini.pl\/?post_type=product&#038;p=30"},"modified":"2026-03-17T15:54:39","modified_gmt":"2026-03-17T15:54:39","slug":"ingenico-desk-2600","status":"publish","type":"product","link":"https:\/\/hurtmini.pl\/?product=ingenico-desk-2600","title":{"rendered":"Ingenico Desk\/2600"},"content":{"rendered":"<p><b>Stacjonarny terminal Desk\/2600\u00a0<\/b>to doskona\u0142y wyb\u00f3r dla ka\u017cdego sklepu czy przedsi\u0119biorstwa, kt\u00f3re stawia na niezawodno\u015b\u0107 i wygod\u0119 obs\u0142ugi p\u0142atno\u015bci. Urz\u0105dzenie zaprojektowane zosta\u0142o z my\u015bl\u0105 o przedsi\u0119biorcach, kt\u00f3rzy ceni\u0105 sobie funkcjonalno\u015b\u0107 oraz intuicyjn\u0105 obs\u0142ug\u0119. Dedykowane dla firm prowadz\u0105cych dzia\u0142alno\u015b\u0107 w jednym miejscu \u2013 terminal wymaga sta\u0142ego pod\u0142\u0105czenia do \u017ar\u00f3d\u0142a zasilania.<\/p>\n<p>Terminal mo\u017ce dzia\u0142a\u0107 zar\u00f3wno jako samodzielne urz\u0105dzenie, jak i zosta\u0107 zintegrowany z kas\u0105 fiskaln\u0105 lub systemem sprzeda\u017cowym. Istnieje mo\u017cliwo\u015b\u0107 do\u0142\u0105czenia PIN pada Ingenico Desk\/1600, co umo\u017cliwia wygodn\u0105 obs\u0142ug\u0119 p\u0142atno\u015bci zbli\u017ceniowych i wieloosobow\u0105 obs\u0142ug\u0119 przy stanowisku kasowym.<\/p>\n<p>Urz\u0105dzenie stworzone z my\u015bl\u0105 o ci\u0105g\u0142ej pracy i efektywnej obs\u0142udze klient\u00f3w. Wybierz niezawodno\u015b\u0107 i wszechstronno\u015b\u0107 tego terminala, aby zapewni\u0107 najwy\u017csz\u0105 jako\u015b\u0107 obs\u0142ugi p\u0142atno\u015bci w swojej firmie.<\/p>\n","protected":false},"excerpt":{"rendered":"<p>.<\/p>\n","protected":false},"featured_media":31,"template":"","meta":[],"product_brand":[],"product_cat":[19],"product_tag":[],"class_list":{"0":"post-30","1":"product","2":"type-product","3":"status-publish","4":"has-post-thumbnail","6":"product_cat-terminale-platnicze","8":"first","9":"instock","10":"shipping-taxable","11":"product-type-simple"},"_links":{"self":[{"href":"https:\/\/hurtmini.pl\/index.php?rest_route=\/wp\/v2\/product\/30","targetHints":{"allow":["GET"]}}],"collection":[{"href":"https:\/\/hurtmini.pl\/index.php?rest_route=\/wp\/v2\/product"}],"about":[{"href":"https:\/\/hurtmini.pl\/index.php?rest_route=\/wp\/v2\/types\/product"}],"wp:featuredmedia":[{"embeddable":true,"href":"https:\/\/hurtmini.pl\/index.php?rest_route=\/wp\/v2\/media\/31"}],"wp:attachment":[{"href":"https:\/\/hurtmini.pl\/index.php?rest_route=%2Fwp%2Fv2%2Fmedia&parent=30"}],"wp:term":[{"taxonomy":"product_brand","embeddable":true,"href":"https:\/\/hurtmini.pl\/index.php?rest_route=%2Fwp%2Fv2%2Fproduct_brand&post=30"},{"taxonomy":"product_cat","embeddable":true,"href":"https:\/\/hurtmini.pl\/index.php?rest_route=%2Fwp%2Fv2%2Fproduct_cat&post=30"},{"taxonomy":"product_tag","embeddable":true,"href":"https:\/\/hurtmini.pl\/index.php?rest_route=%2Fwp%2Fv2%2Fproduct_tag&post=30"}],"curies":[{"name":"wp","href":"https:\/\/api.w.org\/{rel}","templated":true}]}}